{"id":619,"date":"2021-01-26T19:46:35","date_gmt":"2021-01-26T18:46:35","guid":{"rendered":"https:\/\/www.sprachschule-aktiv-mainz.de\/kontakt\/"},"modified":"2021-08-20T06:00:51","modified_gmt":"2021-08-20T04:00:51","slug":"contactez-nous","status":"publish","type":"page","link":"https:\/\/www.sprachschule-aktiv-mainz.de\/fr\/contactez-nous\/","title":{"rendered":"Formulaire de contact &#8211; Sprachschule Aktiv"},"content":{"rendered":"<p>[vc_row css=&#8221;.vc_custom_1486284745672{margin-top: 25px !important;padding-bottom: 30px !important;}&#8221;][vc_column][vc_column_text]<\/p>\n<h2>Apprenez l&#8217;allemand et les langues \u00e9trang\u00e8res \u00e0 Mayence<\/h2>\n<p>Localisation, heures d&#8217;ouverture, lieux et coordonn\u00e9es de l&#8217;\u00e9cole de langues Aktiv Mainz. Veuillez nous contacter via notre formulaire de contact:[\/vc_column_text][vc_separator css=&#8221;.vc_custom_1486292233861{padding-top: 30px !important;padding-bottom: 30px !important;}&#8221;][vc_row_inner][vc_column_inner]\n<div class=\"wpcf7 no-js\" id=\"wpcf7-f621-o1\" lang=\"de-DE\" dir=\"ltr\" data-wpcf7-id=\"621\">\n<div class=\"screen-reader-response\"><p role=\"status\" aria-live=\"polite\" aria-atomic=\"true\"><\/p> <ul><\/ul><\/div>\n<form action=\"\/fr\/wp-json\/wp\/v2\/pages\/619#wpcf7-f621-o1\" method=\"post\" class=\"wpcf7-form init wpcf7-acceptance-as-validation\" aria-label=\"Kontaktformular\" novalidate=\"novalidate\" data-status=\"init\">\n<fieldset class=\"hidden-fields-container\"><input type=\"hidden\" name=\"_wpcf7\" value=\"621\" \/><input type=\"hidden\" name=\"_wpcf7_version\" value=\"6.1.4\" \/><input type=\"hidden\" name=\"_wpcf7_locale\" value=\"de_DE\" \/><input type=\"hidden\" name=\"_wpcf7_unit_tag\" value=\"wpcf7-f621-o1\" \/><input type=\"hidden\" name=\"_wpcf7_container_post\" value=\"0\" \/><input type=\"hidden\" name=\"_wpcf7_posted_data_hash\" value=\"\" \/><input type=\"hidden\" name=\"_wpcf7_recaptcha_response\" value=\"\" \/>\n<\/fieldset>\n<p>Entreprise: <span class=\"wpcf7-form-control-wrap\" data-name=\"Firma\"><input size=\"40\" maxlength=\"400\" class=\"wpcf7-form-control wpcf7-text fullwidth\" aria-invalid=\"false\" value=\"\" type=\"text\" name=\"Firma\" \/><\/span>\n<\/p>\n<p>Pr\u00e9nom*: <span class=\"wpcf7-form-control-wrap\" data-name=\"Vorname\"><input size=\"40\" maxlength=\"400\" class=\"wpcf7-form-control wpcf7-text wpcf7-validates-as-required fullwidth\" aria-required=\"true\" aria-invalid=\"false\" value=\"\" type=\"text\" name=\"Vorname\" \/><\/span>\n<\/p>\n<p>Nom de famille*: <span class=\"wpcf7-form-control-wrap\" data-name=\"Nachname\"><input size=\"40\" maxlength=\"400\" class=\"wpcf7-form-control wpcf7-text wpcf7-validates-as-required fullwidth\" aria-required=\"true\" aria-invalid=\"false\" value=\"\" type=\"text\" name=\"Nachname\" \/><\/span>\n<\/p>\n<p>E-mail*: <span class=\"wpcf7-form-control-wrap\" data-name=\"email\"><input size=\"40\" maxlength=\"400\" class=\"wpcf7-form-control wpcf7-email wpcf7-validates-as-required wpcf7-text wpcf7-validates-as-email fullwidth\" aria-required=\"true\" aria-invalid=\"false\" value=\"\" type=\"email\" name=\"email\" \/><\/span>\n<\/p>\n<p>T\u00e9l\u00e9phoner*: <span class=\"wpcf7-form-control-wrap\" data-name=\"Telefon\"><input size=\"40\" maxlength=\"400\" class=\"wpcf7-form-control wpcf7-text wpcf7-validates-as-required fullwidth\" aria-required=\"true\" aria-invalid=\"false\" value=\"\" type=\"text\" name=\"Telefon\" \/><\/span>\n<\/p>\n<p>Ta question: <span class=\"wpcf7-form-control-wrap\" data-name=\"message\"><textarea cols=\"200\" rows=\"7\" maxlength=\"2000\" class=\"wpcf7-form-control wpcf7-textarea\" aria-invalid=\"false\" name=\"message\"><\/textarea><\/span>\n<\/p>\n<div style=\"\">\n\t<p><span class=\"wpcf7-form-control-wrap\" data-name=\"agb\"><span class=\"wpcf7-form-control wpcf7-acceptance\"><span class=\"wpcf7-list-item\"><input type=\"checkbox\" name=\"agb\" value=\"1\" aria-invalid=\"false\" \/><\/span><\/span><\/span> (*) J'ai lu et j'accepte les <a href=\"https:\/\/www.sprachschule-aktiv-mainz.de\/agb\/\" target=\"_blank\">conditions l\u00e9gales<\/a> et la <a href=\"https:\/\/www.sprachschule-aktiv-mainz.de\/datenschutzerklaerung\/\" target=\"_blank\">politique de confidentialit\u00e9<\/a>.\n\t<\/p>\n<\/div>\n<p><input class=\"wpcf7-form-control wpcf7-submit has-spinner fullwidth\" type=\"submit\" value=\"Envoyer\" \/>\n<\/p><div class=\"wpcf7-response-output\" aria-hidden=\"true\"><\/div>\n<\/form>\n<\/div>\n[\/vc_column_inner][\/vc_row_inner][\/vc_column][\/vc_row]<\/p>\n","protected":false},"excerpt":{"rendered":"<p>[vc_row css=&#8221;.vc_custom_1486284745672{margin-top: 25px !important;padding-bottom: 30px !important;}&#8221;][vc_column][vc_column_text] Apprenez l&#8217;allemand et les langues \u00e9trang\u00e8res \u00e0 Mayence Localisation, heures d&#8217;ouverture, lieux et coordonn\u00e9es de l&#8217;\u00e9cole de langues Aktiv Mainz. Veuillez nous contacter via notre formulaire de contact:[\/vc_column_text][vc_separator css=&#8221;.vc_custom_1486292233861{padding-top: 30px !important;padding-bottom: 30px !important;}&#8221;][vc_row_inner][vc_column_inner][\/vc_column_inner][\/vc_row_inner][\/vc_column][\/vc_row]<\/p>\n","protected":false},"author":1,"featured_media":0,"parent":0,"menu_order":0,"comment_status":"closed","ping_status":"closed","template":"","meta":{"footnotes":""},"class_list":["post-619","page","type-page","status-publish","hentry"],"yoast_head":"<!-- This site is optimized with the Yoast SEO plugin v26.5 - https:\/\/yoast.com\/wordpress\/plugins\/seo\/ -->\n<title>Contactez-nous maintenant gratuitement et sans engagement<\/title>\n<meta name=\"description\" content=\"Contactez-nous maintenant gratuitement et sans engagement. Nous r\u00e9pondrons \u00e0 votre demande dans les plus brefs d\u00e9lais.\" \/>\n<meta name=\"robots\" content=\"index, follow, max-snippet:-1, max-image-preview:large, max-video-preview:-1\" \/>\n<link rel=\"canonical\" href=\"https:\/\/www.sprachschule-aktiv-mainz.de\/fr\/contactez-nous\/\" \/>\n<meta property=\"og:locale\" content=\"fr_FR\" \/>\n<meta property=\"og:type\" content=\"article\" \/>\n<meta property=\"og:title\" content=\"Contactez-nous maintenant gratuitement et sans engagement\" \/>\n<meta property=\"og:description\" content=\"Contactez-nous maintenant gratuitement et sans engagement. Nous r\u00e9pondrons \u00e0 votre demande dans les plus brefs d\u00e9lais.\" \/>\n<meta property=\"og:url\" content=\"https:\/\/www.sprachschule-aktiv-mainz.de\/fr\/contactez-nous\/\" \/>\n<meta property=\"og:site_name\" content=\"Sprachschule Aktiv Mainz\" \/>\n<meta property=\"article:modified_time\" content=\"2021-08-20T04:00:51+00:00\" \/>\n<meta name=\"twitter:card\" content=\"summary_large_image\" \/>\n<meta name=\"twitter:label1\" content=\"Dur\u00e9e de lecture estim\u00e9e\" \/>\n\t<meta name=\"twitter:data1\" content=\"1 minute\" \/>\n<script type=\"application\/ld+json\" class=\"yoast-schema-graph\">{\"@context\":\"https:\/\/schema.org\",\"@graph\":[{\"@type\":\"WebPage\",\"@id\":\"https:\/\/www.sprachschule-aktiv-mainz.de\/fr\/contactez-nous\/\",\"url\":\"https:\/\/www.sprachschule-aktiv-mainz.de\/fr\/contactez-nous\/\",\"name\":\"Contactez-nous maintenant gratuitement et sans engagement\",\"isPartOf\":{\"@id\":\"https:\/\/www.sprachschule-aktiv-mainz.de\/#website\"},\"datePublished\":\"2021-01-26T18:46:35+00:00\",\"dateModified\":\"2021-08-20T04:00:51+00:00\",\"description\":\"Contactez-nous maintenant gratuitement et sans engagement. Nous r\u00e9pondrons \u00e0 votre demande dans les plus brefs d\u00e9lais.\",\"inLanguage\":\"fr-FR\",\"potentialAction\":[{\"@type\":\"ReadAction\",\"target\":[\"https:\/\/www.sprachschule-aktiv-mainz.de\/fr\/contactez-nous\/\"]}]},{\"@type\":\"WebSite\",\"@id\":\"https:\/\/www.sprachschule-aktiv-mainz.de\/#website\",\"url\":\"https:\/\/www.sprachschule-aktiv-mainz.de\/\",\"name\":\"Sprachschule Aktiv Mainz\",\"description\":\"\",\"potentialAction\":[{\"@type\":\"SearchAction\",\"target\":{\"@type\":\"EntryPoint\",\"urlTemplate\":\"https:\/\/www.sprachschule-aktiv-mainz.de\/?s={search_term_string}\"},\"query-input\":{\"@type\":\"PropertyValueSpecification\",\"valueRequired\":true,\"valueName\":\"search_term_string\"}}],\"inLanguage\":\"fr-FR\"}]}<\/script>\n<!-- \/ Yoast SEO plugin. -->","yoast_head_json":{"title":"Contactez-nous maintenant gratuitement et sans engagement","description":"Contactez-nous maintenant gratuitement et sans engagement. Nous r\u00e9pondrons \u00e0 votre demande dans les plus brefs d\u00e9lais.","robots":{"index":"index","follow":"follow","max-snippet":"max-snippet:-1","max-image-preview":"max-image-preview:large","max-video-preview":"max-video-preview:-1"},"canonical":"https:\/\/www.sprachschule-aktiv-mainz.de\/fr\/contactez-nous\/","og_locale":"fr_FR","og_type":"article","og_title":"Contactez-nous maintenant gratuitement et sans engagement","og_description":"Contactez-nous maintenant gratuitement et sans engagement. Nous r\u00e9pondrons \u00e0 votre demande dans les plus brefs d\u00e9lais.","og_url":"https:\/\/www.sprachschule-aktiv-mainz.de\/fr\/contactez-nous\/","og_site_name":"Sprachschule Aktiv Mainz","article_modified_time":"2021-08-20T04:00:51+00:00","twitter_card":"summary_large_image","twitter_misc":{"Dur\u00e9e de lecture estim\u00e9e":"1 minute"},"schema":{"@context":"https:\/\/schema.org","@graph":[{"@type":"WebPage","@id":"https:\/\/www.sprachschule-aktiv-mainz.de\/fr\/contactez-nous\/","url":"https:\/\/www.sprachschule-aktiv-mainz.de\/fr\/contactez-nous\/","name":"Contactez-nous maintenant gratuitement et sans engagement","isPartOf":{"@id":"https:\/\/www.sprachschule-aktiv-mainz.de\/#website"},"datePublished":"2021-01-26T18:46:35+00:00","dateModified":"2021-08-20T04:00:51+00:00","description":"Contactez-nous maintenant gratuitement et sans engagement. Nous r\u00e9pondrons \u00e0 votre demande dans les plus brefs d\u00e9lais.","inLanguage":"fr-FR","potentialAction":[{"@type":"ReadAction","target":["https:\/\/www.sprachschule-aktiv-mainz.de\/fr\/contactez-nous\/"]}]},{"@type":"WebSite","@id":"https:\/\/www.sprachschule-aktiv-mainz.de\/#website","url":"https:\/\/www.sprachschule-aktiv-mainz.de\/","name":"Sprachschule Aktiv Mainz","description":"","potentialAction":[{"@type":"SearchAction","target":{"@type":"EntryPoint","urlTemplate":"https:\/\/www.sprachschule-aktiv-mainz.de\/?s={search_term_string}"},"query-input":{"@type":"PropertyValueSpecification","valueRequired":true,"valueName":"search_term_string"}}],"inLanguage":"fr-FR"}]}},"_links":{"self":[{"href":"https:\/\/www.sprachschule-aktiv-mainz.de\/fr\/wp-json\/wp\/v2\/pages\/619","targetHints":{"allow":["GET"]}}],"collection":[{"href":"https:\/\/www.sprachschule-aktiv-mainz.de\/fr\/wp-json\/wp\/v2\/pages"}],"about":[{"href":"https:\/\/www.sprachschule-aktiv-mainz.de\/fr\/wp-json\/wp\/v2\/types\/page"}],"author":[{"embeddable":true,"href":"https:\/\/www.sprachschule-aktiv-mainz.de\/fr\/wp-json\/wp\/v2\/users\/1"}],"replies":[{"embeddable":true,"href":"https:\/\/www.sprachschule-aktiv-mainz.de\/fr\/wp-json\/wp\/v2\/comments?post=619"}],"version-history":[{"count":3,"href":"https:\/\/www.sprachschule-aktiv-mainz.de\/fr\/wp-json\/wp\/v2\/pages\/619\/revisions"}],"predecessor-version":[{"id":623,"href":"https:\/\/www.sprachschule-aktiv-mainz.de\/fr\/wp-json\/wp\/v2\/pages\/619\/revisions\/623"}],"wp:attachment":[{"href":"https:\/\/www.sprachschule-aktiv-mainz.de\/fr\/wp-json\/wp\/v2\/media?parent=619"}],"curies":[{"name":"wp","href":"https:\/\/api.w.org\/{rel}","templated":true}]}}