{"id":625,"date":"2021-01-26T19:53:41","date_gmt":"2021-01-26T18:53:41","guid":{"rendered":"https:\/\/www.sprachschule-aktiv-mainz.de\/anmeldung\/"},"modified":"2021-08-20T06:04:28","modified_gmt":"2021-08-20T04:04:28","slug":"inscription","status":"publish","type":"page","link":"https:\/\/www.sprachschule-aktiv-mainz.de\/fr\/inscription\/","title":{"rendered":"Inscription aux cours de langue"},"content":{"rendered":"<p>[vc_row css=&#8221;.vc_custom_1486284745672{margin-top: 25px !important;padding-bottom: 30px !important;}&#8221;][vc_column][vc_column_text]<\/p>\n<h2>Inscription aux cours de langue<\/h2>\n<p>Inscription aux cours de langue &#8211; Veuillez remplir le formulaire d&#8217;inscription pour le cours de langue souhait\u00e9.[\/vc_column_text][vc_row_inner][vc_column_inner]\n<div class=\"wpcf7 no-js\" id=\"wpcf7-f627-o1\" lang=\"de-DE\" dir=\"ltr\" data-wpcf7-id=\"627\">\n<div class=\"screen-reader-response\"><p role=\"status\" aria-live=\"polite\" aria-atomic=\"true\"><\/p> <ul><\/ul><\/div>\n<form action=\"\/fr\/wp-json\/wp\/v2\/pages\/625#wpcf7-f627-o1\" method=\"post\" class=\"wpcf7-form init wpcf7-acceptance-as-validation\" aria-label=\"Kontaktformular\" novalidate=\"novalidate\" data-status=\"init\">\n<fieldset class=\"hidden-fields-container\"><input type=\"hidden\" name=\"_wpcf7\" value=\"627\" \/><input type=\"hidden\" name=\"_wpcf7_version\" value=\"6.1.4\" \/><input type=\"hidden\" name=\"_wpcf7_locale\" value=\"de_DE\" \/><input type=\"hidden\" name=\"_wpcf7_unit_tag\" value=\"wpcf7-f627-o1\" \/><input type=\"hidden\" name=\"_wpcf7_container_post\" value=\"0\" \/><input type=\"hidden\" name=\"_wpcf7_posted_data_hash\" value=\"\" \/><input type=\"hidden\" name=\"_wpcf7_recaptcha_response\" value=\"\" \/>\n<\/fieldset>\n<p>Salutation: <span class=\"wpcf7-form-control-wrap\" data-name=\"anrede\"><select class=\"wpcf7-form-control wpcf7-select wpcf7-validates-as-required\" aria-required=\"true\" aria-invalid=\"false\" name=\"anrede\"><option value=\"Monsieur\">Monsieur<\/option><option value=\"Madame\">Madame<\/option><\/select><\/span><br \/>\nEntreprise: <span class=\"wpcf7-form-control-wrap\" data-name=\"Firma\"><input size=\"40\" maxlength=\"400\" class=\"wpcf7-form-control wpcf7-text\" aria-invalid=\"false\" value=\"\" type=\"text\" name=\"Firma\" \/><\/span><br \/>\nPr\u00e9nom*: <span class=\"wpcf7-form-control-wrap\" data-name=\"Vorname\"><input size=\"40\" maxlength=\"400\" class=\"wpcf7-form-control wpcf7-text wpcf7-validates-as-required\" aria-required=\"true\" aria-invalid=\"false\" value=\"\" type=\"text\" name=\"Vorname\" \/><\/span><br \/>\nNom de famille*: <span class=\"wpcf7-form-control-wrap\" data-name=\"Nachname\"><input size=\"40\" maxlength=\"400\" class=\"wpcf7-form-control wpcf7-text wpcf7-validates-as-required\" aria-required=\"true\" aria-invalid=\"false\" value=\"\" type=\"text\" name=\"Nachname\" \/><\/span><br \/>\nRue, non*: <span class=\"wpcf7-form-control-wrap\" data-name=\"Adresse\"><input size=\"40\" maxlength=\"400\" class=\"wpcf7-form-control wpcf7-text wpcf7-validates-as-required\" aria-required=\"true\" aria-invalid=\"false\" value=\"\" type=\"text\" name=\"Adresse\" \/><\/span><br \/>\nCode postal \/ ville*: <span class=\"wpcf7-form-control-wrap\" data-name=\"PLZ-Ort\"><input size=\"40\" maxlength=\"400\" class=\"wpcf7-form-control wpcf7-text wpcf7-validates-as-required\" aria-required=\"true\" aria-invalid=\"false\" value=\"\" type=\"text\" name=\"PLZ-Ort\" \/><\/span><br \/>\nT\u00e9l\u00e9phoner*: <span class=\"wpcf7-form-control-wrap\" data-name=\"Telefon\"><input size=\"40\" maxlength=\"400\" class=\"wpcf7-form-control wpcf7-text wpcf7-validates-as-required\" aria-required=\"true\" aria-invalid=\"false\" value=\"\" type=\"text\" name=\"Telefon\" \/><\/span><br \/>\nE-Mail*: <span class=\"wpcf7-form-control-wrap\" data-name=\"Email\"><input size=\"40\" maxlength=\"400\" class=\"wpcf7-form-control wpcf7-email wpcf7-validates-as-required wpcf7-text wpcf7-validates-as-email\" aria-required=\"true\" aria-invalid=\"false\" value=\"\" type=\"email\" name=\"Email\" \/><\/span>\n<\/p>\n<h2>Informations sur les cours:\n<\/h2>\n<p>Langue*: <span class=\"wpcf7-form-control-wrap\" data-name=\"Sprache\"><input size=\"40\" maxlength=\"400\" class=\"wpcf7-form-control wpcf7-text wpcf7-validates-as-required\" aria-required=\"true\" aria-invalid=\"false\" placeholder=\"par exemple allemand, espagnol, italien ...\" value=\"\" type=\"text\" name=\"Sprache\" \/><\/span><br \/>\nType de cours*: <span class=\"wpcf7-form-control-wrap\" data-name=\"Kursart\"><input size=\"40\" maxlength=\"400\" class=\"wpcf7-form-control wpcf7-text wpcf7-validates-as-required\" aria-required=\"true\" aria-invalid=\"false\" placeholder=\"Cours intensifs, cours collectifs, cours particuliers ...\" value=\"\" type=\"text\" name=\"Kursart\" \/><\/span><br \/>\nVotre langue maternelle*: <span class=\"wpcf7-form-control-wrap\" data-name=\"Muttersprache\"><input size=\"40\" maxlength=\"400\" class=\"wpcf7-form-control wpcf7-text wpcf7-validates-as-required\" aria-required=\"true\" aria-invalid=\"false\" value=\"\" type=\"text\" name=\"Muttersprache\" \/><\/span>\n<\/p>\n<p>Niveau*: <span class=\"wpcf7-form-control-wrap\" data-name=\"Niveau\"><select class=\"wpcf7-form-control wpcf7-select wpcf7-validates-as-required\" aria-required=\"true\" aria-invalid=\"false\" name=\"Niveau\"><option value=\"A1.1 (D\u00e9butant)\">A1.1 (D\u00e9butant)<\/option><option value=\"A1.2 (D\u00e9butant)\">A1.2 (D\u00e9butant)<\/option><option value=\"A2.1 (\u00c9l\u00e9mentaire \/ Basiques)\">A2.1 (\u00c9l\u00e9mentaire \/ Basiques)<\/option><option value=\"A2.2 (\u00c9l\u00e9mentaire \/ Basiques)\">A2.2 (\u00c9l\u00e9mentaire \/ Basiques)<\/option><option value=\"B1.1 (Interm\u00e9diaire)\">B1.1 (Interm\u00e9diaire)<\/option><option value=\"B1.2 (interm\u00e9diaire)\">B1.2 (interm\u00e9diaire)<\/option><option value=\"B2.1 (Vantage \/ bon interm\u00e9diaire)\">B2.1 (Vantage \/ bon interm\u00e9diaire)<\/option><option value=\"B2.2 (Vantage \/ bon interm\u00e9diaire)\">B2.2 (Vantage \/ bon interm\u00e9diaire)<\/option><option value=\"C1.1 (avanc\u00e9)\">C1.1 (avanc\u00e9)<\/option><option value=\"C1.2 (avanc\u00e9) Connaissance)\">C1.2 (avanc\u00e9) Connaissance)<\/option><option value=\"C2.1 (Ma\u00eetrise \/ excellente connaissance)\">C2.1 (Ma\u00eetrise \/ excellente connaissance)<\/option><option value=\"C2.2 (Ma\u00eetrise \/ excellente connaissance)\">C2.2 (Ma\u00eetrise \/ excellente connaissance)<\/option><\/select><\/span><br \/>\nD\u00e9but bien s\u00fbr*: <span class=\"wpcf7-form-control-wrap\" data-name=\"Kursbeginn\"><input class=\"wpcf7-form-control wpcf7-date wpcf7-validates-as-required wpcf7-validates-as-date\" aria-required=\"true\" aria-invalid=\"false\" value=\"\" type=\"date\" name=\"Kursbeginn\" \/><\/span><br \/>\nDur\u00e9e du cours (uniquement pour les cours intensifs): <span class=\"wpcf7-form-control-wrap\" data-name=\"DauerDesKurses\"><input size=\"40\" maxlength=\"400\" class=\"wpcf7-form-control wpcf7-text\" aria-invalid=\"false\" placeholder=\"par exemple 4 semaines pour un cours intensif\" value=\"\" type=\"text\" name=\"DauerDesKurses\" \/><\/span><br \/>\nNombre d'heures souhait\u00e9 (uniquement pour les cours de sport): <span class=\"wpcf7-form-control-wrap\" data-name=\"GewunschteStundenzahl\"><input size=\"40\" maxlength=\"400\" class=\"wpcf7-form-control wpcf7-text\" aria-invalid=\"false\" value=\"\" type=\"text\" name=\"GewunschteStundenzahl\" \/><\/span>\n<\/p>\n<h2>Paiement:\n<\/h2>\n<p>Mode de paiement: <span class=\"wpcf7-form-control-wrap\" data-name=\"Zahlungsweise\"><select class=\"wpcf7-form-control wpcf7-select wpcf7-validates-as-required custom-radio\" id=\"Zahlungsweise\" aria-required=\"true\" aria-invalid=\"false\" name=\"Zahlungsweise\"><option value=\"Paiement en esp\u00e8ces sur place avant le d\u00e9but du cours\">Paiement en esp\u00e8ces sur place avant le d\u00e9but du cours<\/option><option value=\"Achat sur facture\">Achat sur facture<\/option><\/select><\/span>\n<\/p>\n<h2>Remarques, notes:\n<\/h2>\n<p>Remarques: <span class=\"wpcf7-form-control-wrap\" data-name=\"Bemerkungen\"><textarea cols=\"40\" rows=\"10\" maxlength=\"2000\" class=\"wpcf7-form-control wpcf7-textarea\" aria-invalid=\"false\" name=\"Bemerkungen\"><\/textarea><\/span>\n<\/p>\n<div style=\"\">\n\t<p><span class=\"wpcf7-form-control-wrap\" data-name=\"agb\"><span class=\"wpcf7-form-control wpcf7-acceptance\"><span class=\"wpcf7-list-item\"><input type=\"checkbox\" name=\"agb\" value=\"1\" aria-invalid=\"false\" \/><\/span><\/span><\/span> (*) J'ai lu et j'accepte les <a href=\"https:\/\/www.sprachschule-aktiv-mainz.de\/agb\/\" target=\"_blank\">conditions l\u00e9gales<\/a> et la <a href=\"https:\/\/www.sprachschule-aktiv-mainz.de\/datenschutzerklaerung\/\" target=\"_blank\">politique de confidentialit\u00e9<\/a>.\n\t<\/p>\n<\/div>\n<p>&nbsp;\n<\/p>\n<p><input class=\"wpcf7-form-control wpcf7-submit has-spinner\" type=\"submit\" value=\"Envoyer\" \/>\n<\/p><div class=\"wpcf7-response-output\" aria-hidden=\"true\"><\/div>\n<\/form>\n<\/div>\n[\/vc_column_inner][\/vc_row_inner][\/vc_column][\/vc_row]<\/p>\n","protected":false},"excerpt":{"rendered":"<p>[vc_row css=&#8221;.vc_custom_1486284745672{margin-top: 25px !important;padding-bottom: 30px !important;}&#8221;][vc_column][vc_column_text] Inscription aux cours de langue Inscription aux cours de langue &#8211; Veuillez remplir le formulaire d&#8217;inscription pour le cours de langue souhait\u00e9.[\/vc_column_text][vc_row_inner][vc_column_inner][\/vc_column_inner][\/vc_row_inner][\/vc_column][\/vc_row]<\/p>\n","protected":false},"author":1,"featured_media":0,"parent":0,"menu_order":0,"comment_status":"closed","ping_status":"closed","template":"","meta":{"footnotes":""},"class_list":["post-625","page","type-page","status-publish","hentry"],"yoast_head":"<!-- This site is optimized with the Yoast SEO plugin v26.5 - https:\/\/yoast.com\/wordpress\/plugins\/seo\/ -->\n<title>Inscription \u00e0 nos cours de langue \u00e0 Mayence - Sprachschule Aktiv<\/title>\n<meta name=\"description\" content=\"Vous pouvez vous inscrire \u00e0 un cours de langue sur cette page. Formulaire d&#039;inscription aux cours de langue \u00e0 l&#039;\u00e9cole de langues.\" \/>\n<meta name=\"robots\" content=\"index, follow, max-snippet:-1, max-image-preview:large, max-video-preview:-1\" \/>\n<link rel=\"canonical\" href=\"https:\/\/www.sprachschule-aktiv-mainz.de\/fr\/inscription\/\" \/>\n<meta property=\"og:locale\" content=\"fr_FR\" \/>\n<meta property=\"og:type\" content=\"article\" \/>\n<meta property=\"og:title\" content=\"Inscription \u00e0 nos cours de langue \u00e0 Mayence - Sprachschule Aktiv\" \/>\n<meta property=\"og:description\" content=\"Vous pouvez vous inscrire \u00e0 un cours de langue sur cette page. Formulaire d&#039;inscription aux cours de langue \u00e0 l&#039;\u00e9cole de langues.\" \/>\n<meta property=\"og:url\" content=\"https:\/\/www.sprachschule-aktiv-mainz.de\/fr\/inscription\/\" \/>\n<meta property=\"og:site_name\" content=\"Sprachschule Aktiv Mainz\" \/>\n<meta property=\"article:modified_time\" content=\"2021-08-20T04:04:28+00:00\" \/>\n<meta name=\"twitter:card\" content=\"summary_large_image\" \/>\n<meta name=\"twitter:label1\" content=\"Dur\u00e9e de lecture estim\u00e9e\" \/>\n\t<meta name=\"twitter:data1\" content=\"1 minute\" \/>\n<script type=\"application\/ld+json\" class=\"yoast-schema-graph\">{\"@context\":\"https:\/\/schema.org\",\"@graph\":[{\"@type\":\"WebPage\",\"@id\":\"https:\/\/www.sprachschule-aktiv-mainz.de\/fr\/inscription\/\",\"url\":\"https:\/\/www.sprachschule-aktiv-mainz.de\/fr\/inscription\/\",\"name\":\"Inscription \u00e0 nos cours de langue \u00e0 Mayence - Sprachschule Aktiv\",\"isPartOf\":{\"@id\":\"https:\/\/www.sprachschule-aktiv-mainz.de\/#website\"},\"datePublished\":\"2021-01-26T18:53:41+00:00\",\"dateModified\":\"2021-08-20T04:04:28+00:00\",\"description\":\"Vous pouvez vous inscrire \u00e0 un cours de langue sur cette page. Formulaire d'inscription aux cours de langue \u00e0 l'\u00e9cole de langues.\",\"inLanguage\":\"fr-FR\",\"potentialAction\":[{\"@type\":\"ReadAction\",\"target\":[\"https:\/\/www.sprachschule-aktiv-mainz.de\/fr\/inscription\/\"]}]},{\"@type\":\"WebSite\",\"@id\":\"https:\/\/www.sprachschule-aktiv-mainz.de\/#website\",\"url\":\"https:\/\/www.sprachschule-aktiv-mainz.de\/\",\"name\":\"Sprachschule Aktiv Mainz\",\"description\":\"\",\"potentialAction\":[{\"@type\":\"SearchAction\",\"target\":{\"@type\":\"EntryPoint\",\"urlTemplate\":\"https:\/\/www.sprachschule-aktiv-mainz.de\/?s={search_term_string}\"},\"query-input\":{\"@type\":\"PropertyValueSpecification\",\"valueRequired\":true,\"valueName\":\"search_term_string\"}}],\"inLanguage\":\"fr-FR\"}]}<\/script>\n<!-- \/ Yoast SEO plugin. -->","yoast_head_json":{"title":"Inscription \u00e0 nos cours de langue \u00e0 Mayence - Sprachschule Aktiv","description":"Vous pouvez vous inscrire \u00e0 un cours de langue sur cette page. Formulaire d'inscription aux cours de langue \u00e0 l'\u00e9cole de langues.","robots":{"index":"index","follow":"follow","max-snippet":"max-snippet:-1","max-image-preview":"max-image-preview:large","max-video-preview":"max-video-preview:-1"},"canonical":"https:\/\/www.sprachschule-aktiv-mainz.de\/fr\/inscription\/","og_locale":"fr_FR","og_type":"article","og_title":"Inscription \u00e0 nos cours de langue \u00e0 Mayence - Sprachschule Aktiv","og_description":"Vous pouvez vous inscrire \u00e0 un cours de langue sur cette page. Formulaire d'inscription aux cours de langue \u00e0 l'\u00e9cole de langues.","og_url":"https:\/\/www.sprachschule-aktiv-mainz.de\/fr\/inscription\/","og_site_name":"Sprachschule Aktiv Mainz","article_modified_time":"2021-08-20T04:04:28+00:00","twitter_card":"summary_large_image","twitter_misc":{"Dur\u00e9e de lecture estim\u00e9e":"1 minute"},"schema":{"@context":"https:\/\/schema.org","@graph":[{"@type":"WebPage","@id":"https:\/\/www.sprachschule-aktiv-mainz.de\/fr\/inscription\/","url":"https:\/\/www.sprachschule-aktiv-mainz.de\/fr\/inscription\/","name":"Inscription \u00e0 nos cours de langue \u00e0 Mayence - Sprachschule Aktiv","isPartOf":{"@id":"https:\/\/www.sprachschule-aktiv-mainz.de\/#website"},"datePublished":"2021-01-26T18:53:41+00:00","dateModified":"2021-08-20T04:04:28+00:00","description":"Vous pouvez vous inscrire \u00e0 un cours de langue sur cette page. Formulaire d'inscription aux cours de langue \u00e0 l'\u00e9cole de langues.","inLanguage":"fr-FR","potentialAction":[{"@type":"ReadAction","target":["https:\/\/www.sprachschule-aktiv-mainz.de\/fr\/inscription\/"]}]},{"@type":"WebSite","@id":"https:\/\/www.sprachschule-aktiv-mainz.de\/#website","url":"https:\/\/www.sprachschule-aktiv-mainz.de\/","name":"Sprachschule Aktiv Mainz","description":"","potentialAction":[{"@type":"SearchAction","target":{"@type":"EntryPoint","urlTemplate":"https:\/\/www.sprachschule-aktiv-mainz.de\/?s={search_term_string}"},"query-input":{"@type":"PropertyValueSpecification","valueRequired":true,"valueName":"search_term_string"}}],"inLanguage":"fr-FR"}]}},"_links":{"self":[{"href":"https:\/\/www.sprachschule-aktiv-mainz.de\/fr\/wp-json\/wp\/v2\/pages\/625","targetHints":{"allow":["GET"]}}],"collection":[{"href":"https:\/\/www.sprachschule-aktiv-mainz.de\/fr\/wp-json\/wp\/v2\/pages"}],"about":[{"href":"https:\/\/www.sprachschule-aktiv-mainz.de\/fr\/wp-json\/wp\/v2\/types\/page"}],"author":[{"embeddable":true,"href":"https:\/\/www.sprachschule-aktiv-mainz.de\/fr\/wp-json\/wp\/v2\/users\/1"}],"replies":[{"embeddable":true,"href":"https:\/\/www.sprachschule-aktiv-mainz.de\/fr\/wp-json\/wp\/v2\/comments?post=625"}],"version-history":[{"count":3,"href":"https:\/\/www.sprachschule-aktiv-mainz.de\/fr\/wp-json\/wp\/v2\/pages\/625\/revisions"}],"predecessor-version":[{"id":631,"href":"https:\/\/www.sprachschule-aktiv-mainz.de\/fr\/wp-json\/wp\/v2\/pages\/625\/revisions\/631"}],"wp:attachment":[{"href":"https:\/\/www.sprachschule-aktiv-mainz.de\/fr\/wp-json\/wp\/v2\/media?parent=625"}],"curies":[{"name":"wp","href":"https:\/\/api.w.org\/{rel}","templated":true}]}}